{"id":1116,"date":"2020-05-14T11:01:25","date_gmt":"2020-05-14T09:01:25","guid":{"rendered":"https:\/\/zoemontagu.com\/wordpress\/credits-mentions-legales\/"},"modified":"2021-01-15T15:04:28","modified_gmt":"2021-01-15T14:04:28","slug":"credits-mentions-legales","status":"publish","type":"page","link":"https:\/\/zoemontagu.com\/en\/credits-mentions-legales\/","title":{"rendered":"Cr\u00e9dits &#038; mentions l\u00e9gales"},"content":{"rendered":"\r\n<p><strong>Zo\u00eb Montagu<\/strong><br \/>Si\u00e8ge social : 5 rue du rocher, 09000 FOIX<br \/>N\u00b0 registre des m\u00e9tiers\u00a0: 1320Z<br \/>N\u00b0 Siret\u00a0: 78951070800058<\/p>\r\n\r\n\r\n\r\n<p><strong>Conception &amp; r\u00e9alisation\u00a0du site :<\/strong><br \/><a href=\"http:\/\/www.ecotone-graphic.com\" target=\"_blank\" rel=\"noreferrer noopener\">ecotone-graphic.com<\/a><\/p>\r\n\r\n\r\n\r\n<p><strong>Photos<br \/><\/strong>Michel Montagu et Armelle Bouret<\/p>\r\n\r\n\r\n\r\n<p><strong>Vid\u00e9os<\/strong><br \/>Romain Taupiac et Zo\u00eb Montagu \u00a0<\/p>\r\n<p><strong>Langues<\/strong><i><br \/><\/i>Traduit vers l&#8217;anglais par Helen Grant<\/p>\r\n\r\n\r\n\r\n<p><strong>H\u00e9bergement du site<\/strong><br \/>L&#8217;h\u00e9bergement du site est assur\u00e9 par la soci\u00e9t\u00e9 OVH dont le si\u00e8ge social est situ\u00e9 2 rue Kellermann 59100 Roubaix &#8211; France<br \/><br \/><strong>Propri\u00e9t\u00e9 du site<\/strong><br \/>Le pr\u00e9sent site www.zoemontagu.com est la propri\u00e9t\u00e9 de Zo\u00eb Montagu.<br \/><br \/><strong><strong>Responsable de publication<\/strong><\/strong><br \/>Zo\u00eb Montagu<\/p>\r\n\r\n\r\n\r\n<p><strong>Droit d\u2019auteur<\/strong><br \/>L\u2019ensemble de ce site rel\u00e8ve de la l\u00e9gislation fran\u00e7aise et internationale sur le droit d\u2019auteur et la propri\u00e9t\u00e9 intellectuelle. Tous les droits de reproduction sont r\u00e9serv\u00e9s, y compris pour les documents t\u00e9l\u00e9chargeables et les repr\u00e9sentations iconographiques et photographiques. La reproduction de tout ou partie de ce site sur quelque support que ce soit est formellement interdite sauf notre autorisation expresse.<br \/><br \/><strong>Protection des donn\u00e9es personnelles<\/strong><br \/>La soci\u00e9t\u00e9 Zo\u00eb Montagu s&#8217;engage \u00e0 pr\u00e9server la confidentialit\u00e9 des informations \u00e9ventuellement fournies en ligne par l&#8217;internaute.<br \/>Toute information personnelle que l&#8217;internaute serait amen\u00e9 \u00e0 transmettre pour l&#8217;utilisation de certains services est soumise aux dispositions de la Loi n\u00b0 78-17 Informatique et Libert\u00e9s du 06 janvier 1978. A ce titre, l&#8217;internaute dispose d&#8217;un droit d&#8217;acc\u00e8s, de rectification et de suppression des informations personnelles le concernant qu&#8217;il peut exercer \u00e0 tout moment en adressant un courrier \u00e0 l&#8217;adresse suivante :<br \/>Zo\u00eb Montagu<br \/>5 rue du rocher, 09000 FOIX<br \/><a href=\"mailto:zoemontagu@gmail.com\">zoemontagu@gmail.com<\/a><\/p>\r\n","protected":false},"excerpt":{"rendered":"Zo\u00eb MontaguSi\u00e8ge social : 5 rue du rocher, 09000 FOIXN\u00b0 registre des m\u00e9tiers\u00a0: 1320ZN\u00b0 Siret\u00a0: 78951070800058 Conception &amp; r\u00e9alisation\u00a0du site :ecotone-graphic.com PhotosMichel Montagu et Armelle Bouret Vid\u00e9osRomain Taupiac et Zo\u00eb Montagu \u00a0 LanguesTraduit vers l&#8217;anglais par Helen Grant H\u00e9bergement du siteL&#8217;h\u00e9bergement du site est assur\u00e9 par la soci\u00e9t\u00e9 OVH dont le si\u00e8ge social est situ\u00e9&#8230; <a class=\"view-article\" href=\"https:\/\/zoemontagu.com\/en\/credits-mentions-legales\/\">View Article<\/a>","protected":false},"author":1,"featured_media":0,"parent":0,"menu_order":0,"comment_status":"closed","ping_status":"closed","template":"","meta":{"_acf_changed":false,"footnotes":""},"class_list":["post-1116","page","type-page","status-publish","hentry"],"acf":[],"yoast_head":"<!-- This site is optimized with the Yoast SEO plugin v27.4 - https:\/\/yoast.com\/product\/yoast-seo-wordpress\/ -->\n<title>Cr\u00e9dits &amp; mentions l\u00e9gales &#8226; Zo\u00eb Montagu<\/title>\n<meta name=\"robots\" content=\"index, follow, max-snippet:-1, max-image-preview:large, max-video-preview:-1\" \/>\n<link rel=\"canonical\" href=\"https:\/\/zoemontagu.com\/en\/credits-mentions-legales\/\" \/>\n<meta property=\"og:locale\" content=\"en_US\" \/>\n<meta property=\"og:type\" content=\"article\" \/>\n<meta property=\"og:title\" content=\"Cr\u00e9dits &amp; mentions l\u00e9gales &#8226; Zo\u00eb Montagu\" \/>\n<meta property=\"og:description\" content=\"Zo\u00eb MontaguSi\u00e8ge social : 5 rue du rocher, 09000 FOIXN\u00b0 registre des m\u00e9tiers\u00a0: 1320ZN\u00b0 Siret\u00a0: 78951070800058 Conception &amp; r\u00e9alisation\u00a0du site :ecotone-graphic.com PhotosMichel Montagu et Armelle Bouret Vid\u00e9osRomain Taupiac et Zo\u00eb Montagu \u00a0 LanguesTraduit vers l&#8217;anglais par Helen Grant H\u00e9bergement du siteL&#8217;h\u00e9bergement du site est assur\u00e9 par la soci\u00e9t\u00e9 OVH dont le si\u00e8ge social est situ\u00e9... View Article\" \/>\n<meta property=\"og:url\" content=\"https:\/\/zoemontagu.com\/en\/credits-mentions-legales\/\" \/>\n<meta property=\"og:site_name\" content=\"Zo\u00eb Montagu\" \/>\n<meta property=\"article:modified_time\" content=\"2021-01-15T14:04:28+00:00\" \/>\n<meta property=\"og:image\" content=\"https:\/\/zoemontagu.com\/wordpress\/wp-content\/uploads\/2020\/05\/zoemontagu-og.jpg\" \/>\n\t<meta property=\"og:image:width\" content=\"1200\" \/>\n\t<meta property=\"og:image:height\" content=\"627\" \/>\n\t<meta property=\"og:image:type\" content=\"image\/jpeg\" \/>\n<meta name=\"twitter:card\" content=\"summary_large_image\" \/>\n<meta name=\"twitter:label1\" content=\"Est. reading time\" \/>\n\t<meta name=\"twitter:data1\" content=\"2 minutes\" \/>\n<script type=\"application\/ld+json\" class=\"yoast-schema-graph\">{\"@context\":\"https:\\\/\\\/schema.org\",\"@graph\":[{\"@type\":\"WebPage\",\"@id\":\"https:\\\/\\\/zoemontagu.com\\\/en\\\/credits-mentions-legales\\\/\",\"url\":\"https:\\\/\\\/zoemontagu.com\\\/en\\\/credits-mentions-legales\\\/\",\"name\":\"Cr\u00e9dits & mentions l\u00e9gales &#8226; Zo\u00eb Montagu\",\"isPartOf\":{\"@id\":\"https:\\\/\\\/zoemontagu.com\\\/en\\\/#website\"},\"datePublished\":\"2020-05-14T09:01:25+00:00\",\"dateModified\":\"2021-01-15T14:04:28+00:00\",\"breadcrumb\":{\"@id\":\"https:\\\/\\\/zoemontagu.com\\\/en\\\/credits-mentions-legales\\\/#breadcrumb\"},\"inLanguage\":\"en-US\",\"potentialAction\":[{\"@type\":\"ReadAction\",\"target\":[\"https:\\\/\\\/zoemontagu.com\\\/en\\\/credits-mentions-legales\\\/\"]}]},{\"@type\":\"BreadcrumbList\",\"@id\":\"https:\\\/\\\/zoemontagu.com\\\/en\\\/credits-mentions-legales\\\/#breadcrumb\",\"itemListElement\":[{\"@type\":\"ListItem\",\"position\":1,\"name\":\"Accueil\",\"item\":\"https:\\\/\\\/zoemontagu.com\\\/en\\\/\"},{\"@type\":\"ListItem\",\"position\":2,\"name\":\"Cr\u00e9dits &#038; mentions l\u00e9gales\"}]},{\"@type\":\"WebSite\",\"@id\":\"https:\\\/\\\/zoemontagu.com\\\/en\\\/#website\",\"url\":\"https:\\\/\\\/zoemontagu.com\\\/en\\\/\",\"name\":\"Zo\u00eb Montagu\",\"description\":\"Tissage d&#039;art, vannerie et bijoux en crin de cheval\",\"publisher\":{\"@id\":\"https:\\\/\\\/zoemontagu.com\\\/en\\\/#\\\/schema\\\/person\\\/587b85bd1c91c340814c8483ec0d18a6\"},\"potentialAction\":[{\"@type\":\"SearchAction\",\"target\":{\"@type\":\"EntryPoint\",\"urlTemplate\":\"https:\\\/\\\/zoemontagu.com\\\/en\\\/?s={search_term_string}\"},\"query-input\":{\"@type\":\"PropertyValueSpecification\",\"valueRequired\":true,\"valueName\":\"search_term_string\"}}],\"inLanguage\":\"en-US\"},{\"@type\":[\"Person\",\"Organization\"],\"@id\":\"https:\\\/\\\/zoemontagu.com\\\/en\\\/#\\\/schema\\\/person\\\/587b85bd1c91c340814c8483ec0d18a6\",\"name\":\"Zo\u00eb Montagu\",\"logo\":{\"@id\":\"https:\\\/\\\/zoemontagu.com\\\/en\\\/#\\\/schema\\\/person\\\/image\\\/\"}}]}<\/script>\n<!-- \/ Yoast SEO plugin. -->","yoast_head_json":{"title":"Cr\u00e9dits & mentions l\u00e9gales &#8226; Zo\u00eb Montagu","robots":{"index":"index","follow":"follow","max-snippet":"max-snippet:-1","max-image-preview":"max-image-preview:large","max-video-preview":"max-video-preview:-1"},"canonical":"https:\/\/zoemontagu.com\/en\/credits-mentions-legales\/","og_locale":"en_US","og_type":"article","og_title":"Cr\u00e9dits & mentions l\u00e9gales &#8226; Zo\u00eb Montagu","og_description":"Zo\u00eb MontaguSi\u00e8ge social : 5 rue du rocher, 09000 FOIXN\u00b0 registre des m\u00e9tiers\u00a0: 1320ZN\u00b0 Siret\u00a0: 78951070800058 Conception &amp; r\u00e9alisation\u00a0du site :ecotone-graphic.com PhotosMichel Montagu et Armelle Bouret Vid\u00e9osRomain Taupiac et Zo\u00eb Montagu \u00a0 LanguesTraduit vers l&#8217;anglais par Helen Grant H\u00e9bergement du siteL&#8217;h\u00e9bergement du site est assur\u00e9 par la soci\u00e9t\u00e9 OVH dont le si\u00e8ge social est situ\u00e9... View Article","og_url":"https:\/\/zoemontagu.com\/en\/credits-mentions-legales\/","og_site_name":"Zo\u00eb Montagu","article_modified_time":"2021-01-15T14:04:28+00:00","og_image":[{"width":1200,"height":627,"url":"https:\/\/zoemontagu.com\/wordpress\/wp-content\/uploads\/2020\/05\/zoemontagu-og.jpg","type":"image\/jpeg"}],"twitter_card":"summary_large_image","twitter_misc":{"Est. reading time":"2 minutes"},"schema":{"@context":"https:\/\/schema.org","@graph":[{"@type":"WebPage","@id":"https:\/\/zoemontagu.com\/en\/credits-mentions-legales\/","url":"https:\/\/zoemontagu.com\/en\/credits-mentions-legales\/","name":"Cr\u00e9dits & mentions l\u00e9gales &#8226; Zo\u00eb Montagu","isPartOf":{"@id":"https:\/\/zoemontagu.com\/en\/#website"},"datePublished":"2020-05-14T09:01:25+00:00","dateModified":"2021-01-15T14:04:28+00:00","breadcrumb":{"@id":"https:\/\/zoemontagu.com\/en\/credits-mentions-legales\/#breadcrumb"},"inLanguage":"en-US","potentialAction":[{"@type":"ReadAction","target":["https:\/\/zoemontagu.com\/en\/credits-mentions-legales\/"]}]},{"@type":"BreadcrumbList","@id":"https:\/\/zoemontagu.com\/en\/credits-mentions-legales\/#breadcrumb","itemListElement":[{"@type":"ListItem","position":1,"name":"Accueil","item":"https:\/\/zoemontagu.com\/en\/"},{"@type":"ListItem","position":2,"name":"Cr\u00e9dits &#038; mentions l\u00e9gales"}]},{"@type":"WebSite","@id":"https:\/\/zoemontagu.com\/en\/#website","url":"https:\/\/zoemontagu.com\/en\/","name":"Zo\u00eb Montagu","description":"Tissage d&#039;art, vannerie et bijoux en crin de cheval","publisher":{"@id":"https:\/\/zoemontagu.com\/en\/#\/schema\/person\/587b85bd1c91c340814c8483ec0d18a6"},"potentialAction":[{"@type":"SearchAction","target":{"@type":"EntryPoint","urlTemplate":"https:\/\/zoemontagu.com\/en\/?s={search_term_string}"},"query-input":{"@type":"PropertyValueSpecification","valueRequired":true,"valueName":"search_term_string"}}],"inLanguage":"en-US"},{"@type":["Person","Organization"],"@id":"https:\/\/zoemontagu.com\/en\/#\/schema\/person\/587b85bd1c91c340814c8483ec0d18a6","name":"Zo\u00eb Montagu","logo":{"@id":"https:\/\/zoemontagu.com\/en\/#\/schema\/person\/image\/"}}]}},"_links":{"self":[{"href":"https:\/\/zoemontagu.com\/en\/wp-json\/wp\/v2\/pages\/1116","targetHints":{"allow":["GET"]}}],"collection":[{"href":"https:\/\/zoemontagu.com\/en\/wp-json\/wp\/v2\/pages"}],"about":[{"href":"https:\/\/zoemontagu.com\/en\/wp-json\/wp\/v2\/types\/page"}],"author":[{"embeddable":true,"href":"https:\/\/zoemontagu.com\/en\/wp-json\/wp\/v2\/users\/1"}],"replies":[{"embeddable":true,"href":"https:\/\/zoemontagu.com\/en\/wp-json\/wp\/v2\/comments?post=1116"}],"version-history":[{"count":0,"href":"https:\/\/zoemontagu.com\/en\/wp-json\/wp\/v2\/pages\/1116\/revisions"}],"wp:attachment":[{"href":"https:\/\/zoemontagu.com\/en\/wp-json\/wp\/v2\/media?parent=1116"}],"curies":[{"name":"wp","href":"https:\/\/api.w.org\/{rel}","templated":true}]}}