{"id":1038,"date":"2020-03-27T12:23:48","date_gmt":"2020-03-27T11:23:48","guid":{"rendered":"https:\/\/zoemontagu.com\/wordpress\/bijoux\/1038\/"},"modified":"2025-09-29T09:35:09","modified_gmt":"2025-09-29T07:35:09","slug":"long-dangle-earrings","status":"publish","type":"product","link":"https:\/\/zoemontagu.com\/en\/bijoux\/long-dangle-earrings\/","title":{"rendered":"Long dangle earrings <br>Boucles d&#8217;oreilles longues"},"content":{"rendered":"","protected":false},"excerpt":{"rendered":"Ce mod\u00e8le de boucle d&#8217;oreille est long et souple, toujours en mouvement, il est fluide et l\u00e9ger.\n\nLa collection de parures f\u00e9minines &#8220;NATURE&#8221; est une s\u00e9rie de boucles d&#8217;oreilles<strong> sobres et discr\u00e8tes<\/strong>.\nLes montures sont en Argent 925\u00b0. Les tissages sont r\u00e9alis\u00e9s en crin de cheval et sisal, une fibre \u00ab dure \u00bb extraite des feuilles d\u2019un agave.\n\n<strong>Diam\u00e8tre<\/strong> du tissage 1 cm.","protected":false},"featured_media":2102,"template":"","meta":{"_acf_changed":false},"product_brand":[],"product_cat":[41],"product_tag":[],"class_list":{"0":"post-1038","1":"product","2":"type-product","3":"status-publish","4":"has-post-thumbnail","6":"product_cat-nature-en","8":"first","9":"instock","10":"taxable","11":"shipping-taxable","12":"purchasable","13":"product-type-variable","14":"has-default-attributes"},"acf":[],"yoast_head":"<!-- This site is optimized with the Yoast SEO plugin v27.3 - https:\/\/yoast.com\/product\/yoast-seo-wordpress\/ -->\n<title>Long dangle earrings Boucles d&#039;oreilles longues NATURE &#8226; bijou en crin &#8226; Zo\u00eb Montagu<\/title>\n<meta name=\"description\" content=\"Cette collection de parures f\u00e9minines est une s\u00e9rie de boucles d\u2019oreilles naturelles et discr\u00e8tes. Les tissages sont r\u00e9alis\u00e9s en crin de cheval.\" \/>\n<meta name=\"robots\" content=\"index, follow, max-snippet:-1, max-image-preview:large, max-video-preview:-1\" \/>\n<link rel=\"canonical\" href=\"https:\/\/zoemontagu.com\/en\/bijoux\/long-dangle-earrings\/\" \/>\n<meta property=\"og:locale\" content=\"en_US\" \/>\n<meta property=\"og:type\" content=\"article\" \/>\n<meta property=\"og:title\" content=\"Long dangle earrings Boucles d&#039;oreilles longues NATURE &#8226; bijou en crin &#8226; Zo\u00eb Montagu\" \/>\n<meta property=\"og:description\" content=\"Cette collection de parures f\u00e9minines est une s\u00e9rie de boucles d\u2019oreilles naturelles et discr\u00e8tes. Les tissages sont r\u00e9alis\u00e9s en crin de cheval.\" \/>\n<meta property=\"og:url\" content=\"https:\/\/zoemontagu.com\/en\/bijoux\/long-dangle-earrings\/\" \/>\n<meta property=\"og:site_name\" content=\"Zo\u00eb Montagu\" \/>\n<meta property=\"article:modified_time\" content=\"2025-09-29T07:35:09+00:00\" \/>\n<meta property=\"og:image\" content=\"https:\/\/zoemontagu.com\/wordpress\/wp-content\/uploads\/2023\/02\/fullsizeoutput_13d4-2-scaled.jpeg\" \/>\n\t<meta property=\"og:image:width\" content=\"2427\" \/>\n\t<meta property=\"og:image:height\" content=\"2560\" \/>\n\t<meta property=\"og:image:type\" content=\"image\/jpeg\" \/>\n<meta name=\"twitter:card\" content=\"summary_large_image\" \/>\n<meta name=\"twitter:label1\" content=\"Est. reading time\" \/>\n\t<meta name=\"twitter:data1\" content=\"1 minute\" \/>\n<script type=\"application\/ld+json\" class=\"yoast-schema-graph\">{\"@context\":\"https:\\\/\\\/schema.org\",\"@graph\":[{\"@type\":\"WebPage\",\"@id\":\"https:\\\/\\\/zoemontagu.com\\\/en\\\/bijoux\\\/long-dangle-earrings\\\/\",\"url\":\"https:\\\/\\\/zoemontagu.com\\\/en\\\/bijoux\\\/long-dangle-earrings\\\/\",\"name\":\"Long dangle earrings Boucles d'oreilles longues NATURE &#8226; bijou en crin &#8226; Zo\u00eb Montagu\",\"isPartOf\":{\"@id\":\"https:\\\/\\\/zoemontagu.com\\\/en\\\/#website\"},\"primaryImageOfPage\":{\"@id\":\"https:\\\/\\\/zoemontagu.com\\\/en\\\/bijoux\\\/long-dangle-earrings\\\/#primaryimage\"},\"image\":{\"@id\":\"https:\\\/\\\/zoemontagu.com\\\/en\\\/bijoux\\\/long-dangle-earrings\\\/#primaryimage\"},\"thumbnailUrl\":\"https:\\\/\\\/zoemontagu.com\\\/wordpress\\\/wp-content\\\/uploads\\\/2023\\\/02\\\/fullsizeoutput_13d4-2-scaled.jpeg\",\"datePublished\":\"2020-03-27T11:23:48+00:00\",\"dateModified\":\"2025-09-29T07:35:09+00:00\",\"description\":\"Cette collection de parures f\u00e9minines est une s\u00e9rie de boucles d\u2019oreilles naturelles et discr\u00e8tes. Les tissages sont r\u00e9alis\u00e9s en crin de cheval.\",\"breadcrumb\":{\"@id\":\"https:\\\/\\\/zoemontagu.com\\\/en\\\/bijoux\\\/long-dangle-earrings\\\/#breadcrumb\"},\"inLanguage\":\"en-US\",\"potentialAction\":[{\"@type\":\"ReadAction\",\"target\":[\"https:\\\/\\\/zoemontagu.com\\\/en\\\/bijoux\\\/long-dangle-earrings\\\/\"]}]},{\"@type\":\"ImageObject\",\"inLanguage\":\"en-US\",\"@id\":\"https:\\\/\\\/zoemontagu.com\\\/en\\\/bijoux\\\/long-dangle-earrings\\\/#primaryimage\",\"url\":\"https:\\\/\\\/zoemontagu.com\\\/wordpress\\\/wp-content\\\/uploads\\\/2023\\\/02\\\/fullsizeoutput_13d4-2-scaled.jpeg\",\"contentUrl\":\"https:\\\/\\\/zoemontagu.com\\\/wordpress\\\/wp-content\\\/uploads\\\/2023\\\/02\\\/fullsizeoutput_13d4-2-scaled.jpeg\",\"width\":2427,\"height\":2560,\"caption\":\"Bijou en crin de cheval tiss\u00e9 par Zo\u00eb Montagu.\"},{\"@type\":\"BreadcrumbList\",\"@id\":\"https:\\\/\\\/zoemontagu.com\\\/en\\\/bijoux\\\/long-dangle-earrings\\\/#breadcrumb\",\"itemListElement\":[{\"@type\":\"ListItem\",\"position\":1,\"name\":\"Accueil\",\"item\":\"https:\\\/\\\/zoemontagu.com\\\/en\\\/\"},{\"@type\":\"ListItem\",\"position\":2,\"name\":\"Shop\",\"item\":\"https:\\\/\\\/zoemontagu.com\\\/shop\\\/?lang=en\"},{\"@type\":\"ListItem\",\"position\":3,\"name\":\"Long dangle earrings &lt;br&gt;Boucles d&rsquo;oreilles longues\"}]},{\"@type\":\"WebSite\",\"@id\":\"https:\\\/\\\/zoemontagu.com\\\/en\\\/#website\",\"url\":\"https:\\\/\\\/zoemontagu.com\\\/en\\\/\",\"name\":\"Zo\u00eb Montagu\",\"description\":\"Tissage d&#039;art, vannerie et bijoux en crin de cheval\",\"publisher\":{\"@id\":\"https:\\\/\\\/zoemontagu.com\\\/en\\\/#\\\/schema\\\/person\\\/587b85bd1c91c340814c8483ec0d18a6\"},\"potentialAction\":[{\"@type\":\"SearchAction\",\"target\":{\"@type\":\"EntryPoint\",\"urlTemplate\":\"https:\\\/\\\/zoemontagu.com\\\/en\\\/?s={search_term_string}\"},\"query-input\":{\"@type\":\"PropertyValueSpecification\",\"valueRequired\":true,\"valueName\":\"search_term_string\"}}],\"inLanguage\":\"en-US\"},{\"@type\":[\"Person\",\"Organization\"],\"@id\":\"https:\\\/\\\/zoemontagu.com\\\/en\\\/#\\\/schema\\\/person\\\/587b85bd1c91c340814c8483ec0d18a6\",\"name\":\"Zo\u00eb Montagu\",\"logo\":{\"@id\":\"https:\\\/\\\/zoemontagu.com\\\/en\\\/#\\\/schema\\\/person\\\/image\\\/\"}}]}<\/script>\n<!-- \/ Yoast SEO plugin. -->","yoast_head_json":{"title":"Long dangle earrings Boucles d'oreilles longues NATURE &#8226; bijou en crin &#8226; Zo\u00eb Montagu","description":"Cette collection de parures f\u00e9minines est une s\u00e9rie de boucles d\u2019oreilles naturelles et discr\u00e8tes. Les tissages sont r\u00e9alis\u00e9s en crin de cheval.","robots":{"index":"index","follow":"follow","max-snippet":"max-snippet:-1","max-image-preview":"max-image-preview:large","max-video-preview":"max-video-preview:-1"},"canonical":"https:\/\/zoemontagu.com\/en\/bijoux\/long-dangle-earrings\/","og_locale":"en_US","og_type":"article","og_title":"Long dangle earrings Boucles d'oreilles longues NATURE &#8226; bijou en crin &#8226; Zo\u00eb Montagu","og_description":"Cette collection de parures f\u00e9minines est une s\u00e9rie de boucles d\u2019oreilles naturelles et discr\u00e8tes. Les tissages sont r\u00e9alis\u00e9s en crin de cheval.","og_url":"https:\/\/zoemontagu.com\/en\/bijoux\/long-dangle-earrings\/","og_site_name":"Zo\u00eb Montagu","article_modified_time":"2025-09-29T07:35:09+00:00","og_image":[{"width":2427,"height":2560,"url":"https:\/\/zoemontagu.com\/wordpress\/wp-content\/uploads\/2023\/02\/fullsizeoutput_13d4-2-scaled.jpeg","type":"image\/jpeg"}],"twitter_card":"summary_large_image","twitter_misc":{"Est. reading time":"1 minute"},"schema":{"@context":"https:\/\/schema.org","@graph":[{"@type":"WebPage","@id":"https:\/\/zoemontagu.com\/en\/bijoux\/long-dangle-earrings\/","url":"https:\/\/zoemontagu.com\/en\/bijoux\/long-dangle-earrings\/","name":"Long dangle earrings Boucles d'oreilles longues NATURE &#8226; bijou en crin &#8226; Zo\u00eb Montagu","isPartOf":{"@id":"https:\/\/zoemontagu.com\/en\/#website"},"primaryImageOfPage":{"@id":"https:\/\/zoemontagu.com\/en\/bijoux\/long-dangle-earrings\/#primaryimage"},"image":{"@id":"https:\/\/zoemontagu.com\/en\/bijoux\/long-dangle-earrings\/#primaryimage"},"thumbnailUrl":"https:\/\/zoemontagu.com\/wordpress\/wp-content\/uploads\/2023\/02\/fullsizeoutput_13d4-2-scaled.jpeg","datePublished":"2020-03-27T11:23:48+00:00","dateModified":"2025-09-29T07:35:09+00:00","description":"Cette collection de parures f\u00e9minines est une s\u00e9rie de boucles d\u2019oreilles naturelles et discr\u00e8tes. Les tissages sont r\u00e9alis\u00e9s en crin de cheval.","breadcrumb":{"@id":"https:\/\/zoemontagu.com\/en\/bijoux\/long-dangle-earrings\/#breadcrumb"},"inLanguage":"en-US","potentialAction":[{"@type":"ReadAction","target":["https:\/\/zoemontagu.com\/en\/bijoux\/long-dangle-earrings\/"]}]},{"@type":"ImageObject","inLanguage":"en-US","@id":"https:\/\/zoemontagu.com\/en\/bijoux\/long-dangle-earrings\/#primaryimage","url":"https:\/\/zoemontagu.com\/wordpress\/wp-content\/uploads\/2023\/02\/fullsizeoutput_13d4-2-scaled.jpeg","contentUrl":"https:\/\/zoemontagu.com\/wordpress\/wp-content\/uploads\/2023\/02\/fullsizeoutput_13d4-2-scaled.jpeg","width":2427,"height":2560,"caption":"Bijou en crin de cheval tiss\u00e9 par Zo\u00eb Montagu."},{"@type":"BreadcrumbList","@id":"https:\/\/zoemontagu.com\/en\/bijoux\/long-dangle-earrings\/#breadcrumb","itemListElement":[{"@type":"ListItem","position":1,"name":"Accueil","item":"https:\/\/zoemontagu.com\/en\/"},{"@type":"ListItem","position":2,"name":"Shop","item":"https:\/\/zoemontagu.com\/shop\/?lang=en"},{"@type":"ListItem","position":3,"name":"Long dangle earrings &lt;br&gt;Boucles d&rsquo;oreilles longues"}]},{"@type":"WebSite","@id":"https:\/\/zoemontagu.com\/en\/#website","url":"https:\/\/zoemontagu.com\/en\/","name":"Zo\u00eb Montagu","description":"Tissage d&#039;art, vannerie et bijoux en crin de cheval","publisher":{"@id":"https:\/\/zoemontagu.com\/en\/#\/schema\/person\/587b85bd1c91c340814c8483ec0d18a6"},"potentialAction":[{"@type":"SearchAction","target":{"@type":"EntryPoint","urlTemplate":"https:\/\/zoemontagu.com\/en\/?s={search_term_string}"},"query-input":{"@type":"PropertyValueSpecification","valueRequired":true,"valueName":"search_term_string"}}],"inLanguage":"en-US"},{"@type":["Person","Organization"],"@id":"https:\/\/zoemontagu.com\/en\/#\/schema\/person\/587b85bd1c91c340814c8483ec0d18a6","name":"Zo\u00eb Montagu","logo":{"@id":"https:\/\/zoemontagu.com\/en\/#\/schema\/person\/image\/"}}]}},"_links":{"self":[{"href":"https:\/\/zoemontagu.com\/en\/wp-json\/wp\/v2\/product\/1038","targetHints":{"allow":["GET"]}}],"collection":[{"href":"https:\/\/zoemontagu.com\/en\/wp-json\/wp\/v2\/product"}],"about":[{"href":"https:\/\/zoemontagu.com\/en\/wp-json\/wp\/v2\/types\/product"}],"wp:featuredmedia":[{"embeddable":true,"href":"https:\/\/zoemontagu.com\/en\/wp-json\/wp\/v2\/media\/2102"}],"wp:attachment":[{"href":"https:\/\/zoemontagu.com\/en\/wp-json\/wp\/v2\/media?parent=1038"}],"wp:term":[{"taxonomy":"product_brand","embeddable":true,"href":"https:\/\/zoemontagu.com\/en\/wp-json\/wp\/v2\/product_brand?post=1038"},{"taxonomy":"product_cat","embeddable":true,"href":"https:\/\/zoemontagu.com\/en\/wp-json\/wp\/v2\/product_cat?post=1038"},{"taxonomy":"product_tag","embeddable":true,"href":"https:\/\/zoemontagu.com\/en\/wp-json\/wp\/v2\/product_tag?post=1038"}],"curies":[{"name":"wp","href":"https:\/\/api.w.org\/{rel}","templated":true}]}}