{"id":2481,"date":"2025-09-29T13:05:07","date_gmt":"2025-09-29T11:05:07","guid":{"rendered":"https:\/\/zoemontagu.com\/?post_type=product&#038;p=2481"},"modified":"2026-03-02T20:45:55","modified_gmt":"2026-03-02T19:45:55","slug":"collier-2","status":"publish","type":"product","link":"https:\/\/zoemontagu.com\/en\/bijoux\/collier-2\/","title":{"rendered":"Collier"},"content":{"rendered":"","protected":false},"excerpt":{"rendered":"Voici la derni\u00e8re collection de bijoux contemporains cr\u00e9\u00e9e \u00e0 <strong>Toulouse<\/strong> par Zo\u00eb Montagu et <strong>H\u00e9l\u00e8ne Barros<\/strong>.\r\n\r\nDe la rencontre de leur deux pr\u00e9noms est n\u00e9e la collection <strong>ZHEN<\/strong>.\r\n\r\nElle mat\u00e9rialise leur savoir-faire manuel et illustre l&#8217;apog\u00e9e de leur <strong>dext\u00e9rit\u00e9<\/strong> r\u00e9ciproque.\r\n\r\n<strong>Mat\u00e9riaux<\/strong> : Crin \/ Sisal v\u00e9g\u00e9tal \/ Argent 925\u00b0\r\n\r\n<strong>Largeur du tissage<\/strong> : 5 cm\r\n\r\n<strong>Longueur<\/strong> de la cha\u00eene r\u00e9glable entre 40 et 43 cm\r\n\r\nHauteur\u00a0 \u00a021 cm\r\n\r\nLargeur\u00a0 5,5 cm\r\n\r\nProfondeur\u00a0 0,2 cm","protected":false},"featured_media":2428,"template":"","meta":{"_acf_changed":false},"product_brand":[],"product_cat":[49],"product_tag":[],"class_list":{"0":"post-2481","1":"product","2":"type-product","3":"status-publish","4":"has-post-thumbnail","6":"product_cat-zhen-fr","8":"first","9":"instock","10":"taxable","11":"shipping-taxable","12":"purchasable","13":"product-type-variable","14":"has-default-attributes"},"acf":[],"yoast_head":"<!-- This site is optimized with the Yoast SEO plugin v27.5 - https:\/\/yoast.com\/product\/yoast-seo-wordpress\/ -->\n<title>Collier &#8226; Zo\u00eb Montagu<\/title>\n<meta name=\"robots\" content=\"index, follow, max-snippet:-1, max-image-preview:large, max-video-preview:-1\" \/>\n<link rel=\"canonical\" href=\"https:\/\/zoemontagu.com\/en\/bijoux\/collier-2\/\" \/>\n<meta property=\"og:locale\" content=\"en_US\" \/>\n<meta property=\"og:type\" content=\"article\" \/>\n<meta property=\"og:title\" content=\"Collier &#8226; Zo\u00eb Montagu\" \/>\n<meta property=\"og:description\" content=\"Voici la derni\u00e8re collection de bijoux contemporains cr\u00e9\u00e9e \u00e0 Toulouse par Zo\u00eb Montagu et H\u00e9l\u00e8ne Barros.  De la rencontre de leur deux pr\u00e9noms est n\u00e9e la collection ZHEN.  Elle mat\u00e9rialise leur savoir-faire manuel et illustre l&#039;apog\u00e9e de leur dext\u00e9rit\u00e9 r\u00e9ciproque.  Mat\u00e9riaux : Crin \/ Sisal v\u00e9g\u00e9tal \/ Argent 925\u00b0  Largeur du tissage : 5 cm  Longueur de la cha\u00eene r\u00e9glable entre 40 et 43 cm  Hauteur\u00a0 \u00a021 cm  Largeur\u00a0 5,5 cm  Profondeur\u00a0 0,2 cm\" \/>\n<meta property=\"og:url\" content=\"https:\/\/zoemontagu.com\/en\/bijoux\/collier-2\/\" \/>\n<meta property=\"og:site_name\" content=\"Zo\u00eb Montagu\" \/>\n<meta property=\"article:modified_time\" content=\"2026-03-02T19:45:55+00:00\" \/>\n<meta property=\"og:image\" content=\"https:\/\/zoemontagu.com\/wordpress\/wp-content\/uploads\/2025\/09\/ZHEN-Bijou-en-crin-de-cheval-Zoe-Montagu-5.jpg\" \/>\n\t<meta property=\"og:image:width\" content=\"1280\" \/>\n\t<meta property=\"og:image:height\" content=\"1280\" \/>\n\t<meta property=\"og:image:type\" content=\"image\/jpeg\" \/>\n<meta name=\"twitter:card\" content=\"summary_large_image\" \/>\n<meta name=\"twitter:label1\" content=\"Est. reading time\" \/>\n\t<meta name=\"twitter:data1\" content=\"1 minute\" \/>\n<script type=\"application\/ld+json\" class=\"yoast-schema-graph\">{\"@context\":\"https:\\\/\\\/schema.org\",\"@graph\":[{\"@type\":\"WebPage\",\"@id\":\"https:\\\/\\\/zoemontagu.com\\\/en\\\/bijoux\\\/collier-2\\\/\",\"url\":\"https:\\\/\\\/zoemontagu.com\\\/en\\\/bijoux\\\/collier-2\\\/\",\"name\":\"Collier &#8226; Zo\u00eb Montagu\",\"isPartOf\":{\"@id\":\"https:\\\/\\\/zoemontagu.com\\\/en\\\/#website\"},\"primaryImageOfPage\":{\"@id\":\"https:\\\/\\\/zoemontagu.com\\\/en\\\/bijoux\\\/collier-2\\\/#primaryimage\"},\"image\":{\"@id\":\"https:\\\/\\\/zoemontagu.com\\\/en\\\/bijoux\\\/collier-2\\\/#primaryimage\"},\"thumbnailUrl\":\"https:\\\/\\\/zoemontagu.com\\\/wordpress\\\/wp-content\\\/uploads\\\/2025\\\/09\\\/ZHEN-Bijou-en-crin-de-cheval-Zoe-Montagu-5.jpg\",\"datePublished\":\"2025-09-29T11:05:07+00:00\",\"dateModified\":\"2026-03-02T19:45:55+00:00\",\"breadcrumb\":{\"@id\":\"https:\\\/\\\/zoemontagu.com\\\/en\\\/bijoux\\\/collier-2\\\/#breadcrumb\"},\"inLanguage\":\"en-US\",\"potentialAction\":[{\"@type\":\"ReadAction\",\"target\":[\"https:\\\/\\\/zoemontagu.com\\\/en\\\/bijoux\\\/collier-2\\\/\"]}]},{\"@type\":\"ImageObject\",\"inLanguage\":\"en-US\",\"@id\":\"https:\\\/\\\/zoemontagu.com\\\/en\\\/bijoux\\\/collier-2\\\/#primaryimage\",\"url\":\"https:\\\/\\\/zoemontagu.com\\\/wordpress\\\/wp-content\\\/uploads\\\/2025\\\/09\\\/ZHEN-Bijou-en-crin-de-cheval-Zoe-Montagu-5.jpg\",\"contentUrl\":\"https:\\\/\\\/zoemontagu.com\\\/wordpress\\\/wp-content\\\/uploads\\\/2025\\\/09\\\/ZHEN-Bijou-en-crin-de-cheval-Zoe-Montagu-5.jpg\",\"width\":1280,\"height\":1280},{\"@type\":\"BreadcrumbList\",\"@id\":\"https:\\\/\\\/zoemontagu.com\\\/en\\\/bijoux\\\/collier-2\\\/#breadcrumb\",\"itemListElement\":[{\"@type\":\"ListItem\",\"position\":1,\"name\":\"Accueil\",\"item\":\"https:\\\/\\\/zoemontagu.com\\\/en\\\/\"},{\"@type\":\"ListItem\",\"position\":2,\"name\":\"Shop\",\"item\":\"https:\\\/\\\/zoemontagu.com\\\/shop\\\/?lang=en\"},{\"@type\":\"ListItem\",\"position\":3,\"name\":\"Collier\"}]},{\"@type\":\"WebSite\",\"@id\":\"https:\\\/\\\/zoemontagu.com\\\/en\\\/#website\",\"url\":\"https:\\\/\\\/zoemontagu.com\\\/en\\\/\",\"name\":\"Zo\u00eb Montagu\",\"description\":\"Tissage d&#039;art, vannerie et bijoux en crin de cheval\",\"publisher\":{\"@id\":\"https:\\\/\\\/zoemontagu.com\\\/en\\\/#\\\/schema\\\/person\\\/587b85bd1c91c340814c8483ec0d18a6\"},\"potentialAction\":[{\"@type\":\"SearchAction\",\"target\":{\"@type\":\"EntryPoint\",\"urlTemplate\":\"https:\\\/\\\/zoemontagu.com\\\/en\\\/?s={search_term_string}\"},\"query-input\":{\"@type\":\"PropertyValueSpecification\",\"valueRequired\":true,\"valueName\":\"search_term_string\"}}],\"inLanguage\":\"en-US\"},{\"@type\":[\"Person\",\"Organization\"],\"@id\":\"https:\\\/\\\/zoemontagu.com\\\/en\\\/#\\\/schema\\\/person\\\/587b85bd1c91c340814c8483ec0d18a6\",\"name\":\"Zo\u00eb Montagu\",\"logo\":{\"@id\":\"https:\\\/\\\/zoemontagu.com\\\/en\\\/#\\\/schema\\\/person\\\/image\\\/\"}}]}<\/script>\n<!-- \/ Yoast SEO plugin. -->","yoast_head_json":{"title":"Collier &#8226; Zo\u00eb Montagu","robots":{"index":"index","follow":"follow","max-snippet":"max-snippet:-1","max-image-preview":"max-image-preview:large","max-video-preview":"max-video-preview:-1"},"canonical":"https:\/\/zoemontagu.com\/en\/bijoux\/collier-2\/","og_locale":"en_US","og_type":"article","og_title":"Collier &#8226; Zo\u00eb Montagu","og_description":"Voici la derni\u00e8re collection de bijoux contemporains cr\u00e9\u00e9e \u00e0 Toulouse par Zo\u00eb Montagu et H\u00e9l\u00e8ne Barros.  De la rencontre de leur deux pr\u00e9noms est n\u00e9e la collection ZHEN.  Elle mat\u00e9rialise leur savoir-faire manuel et illustre l'apog\u00e9e de leur dext\u00e9rit\u00e9 r\u00e9ciproque.  Mat\u00e9riaux : Crin \/ Sisal v\u00e9g\u00e9tal \/ Argent 925\u00b0  Largeur du tissage : 5 cm  Longueur de la cha\u00eene r\u00e9glable entre 40 et 43 cm  Hauteur\u00a0 \u00a021 cm  Largeur\u00a0 5,5 cm  Profondeur\u00a0 0,2 cm","og_url":"https:\/\/zoemontagu.com\/en\/bijoux\/collier-2\/","og_site_name":"Zo\u00eb Montagu","article_modified_time":"2026-03-02T19:45:55+00:00","og_image":[{"width":1280,"height":1280,"url":"https:\/\/zoemontagu.com\/wordpress\/wp-content\/uploads\/2025\/09\/ZHEN-Bijou-en-crin-de-cheval-Zoe-Montagu-5.jpg","type":"image\/jpeg"}],"twitter_card":"summary_large_image","twitter_misc":{"Est. reading time":"1 minute"},"schema":{"@context":"https:\/\/schema.org","@graph":[{"@type":"WebPage","@id":"https:\/\/zoemontagu.com\/en\/bijoux\/collier-2\/","url":"https:\/\/zoemontagu.com\/en\/bijoux\/collier-2\/","name":"Collier &#8226; Zo\u00eb Montagu","isPartOf":{"@id":"https:\/\/zoemontagu.com\/en\/#website"},"primaryImageOfPage":{"@id":"https:\/\/zoemontagu.com\/en\/bijoux\/collier-2\/#primaryimage"},"image":{"@id":"https:\/\/zoemontagu.com\/en\/bijoux\/collier-2\/#primaryimage"},"thumbnailUrl":"https:\/\/zoemontagu.com\/wordpress\/wp-content\/uploads\/2025\/09\/ZHEN-Bijou-en-crin-de-cheval-Zoe-Montagu-5.jpg","datePublished":"2025-09-29T11:05:07+00:00","dateModified":"2026-03-02T19:45:55+00:00","breadcrumb":{"@id":"https:\/\/zoemontagu.com\/en\/bijoux\/collier-2\/#breadcrumb"},"inLanguage":"en-US","potentialAction":[{"@type":"ReadAction","target":["https:\/\/zoemontagu.com\/en\/bijoux\/collier-2\/"]}]},{"@type":"ImageObject","inLanguage":"en-US","@id":"https:\/\/zoemontagu.com\/en\/bijoux\/collier-2\/#primaryimage","url":"https:\/\/zoemontagu.com\/wordpress\/wp-content\/uploads\/2025\/09\/ZHEN-Bijou-en-crin-de-cheval-Zoe-Montagu-5.jpg","contentUrl":"https:\/\/zoemontagu.com\/wordpress\/wp-content\/uploads\/2025\/09\/ZHEN-Bijou-en-crin-de-cheval-Zoe-Montagu-5.jpg","width":1280,"height":1280},{"@type":"BreadcrumbList","@id":"https:\/\/zoemontagu.com\/en\/bijoux\/collier-2\/#breadcrumb","itemListElement":[{"@type":"ListItem","position":1,"name":"Accueil","item":"https:\/\/zoemontagu.com\/en\/"},{"@type":"ListItem","position":2,"name":"Shop","item":"https:\/\/zoemontagu.com\/shop\/?lang=en"},{"@type":"ListItem","position":3,"name":"Collier"}]},{"@type":"WebSite","@id":"https:\/\/zoemontagu.com\/en\/#website","url":"https:\/\/zoemontagu.com\/en\/","name":"Zo\u00eb Montagu","description":"Tissage d&#039;art, vannerie et bijoux en crin de cheval","publisher":{"@id":"https:\/\/zoemontagu.com\/en\/#\/schema\/person\/587b85bd1c91c340814c8483ec0d18a6"},"potentialAction":[{"@type":"SearchAction","target":{"@type":"EntryPoint","urlTemplate":"https:\/\/zoemontagu.com\/en\/?s={search_term_string}"},"query-input":{"@type":"PropertyValueSpecification","valueRequired":true,"valueName":"search_term_string"}}],"inLanguage":"en-US"},{"@type":["Person","Organization"],"@id":"https:\/\/zoemontagu.com\/en\/#\/schema\/person\/587b85bd1c91c340814c8483ec0d18a6","name":"Zo\u00eb Montagu","logo":{"@id":"https:\/\/zoemontagu.com\/en\/#\/schema\/person\/image\/"}}]}},"_links":{"self":[{"href":"https:\/\/zoemontagu.com\/en\/wp-json\/wp\/v2\/product\/2481","targetHints":{"allow":["GET"]}}],"collection":[{"href":"https:\/\/zoemontagu.com\/en\/wp-json\/wp\/v2\/product"}],"about":[{"href":"https:\/\/zoemontagu.com\/en\/wp-json\/wp\/v2\/types\/product"}],"wp:featuredmedia":[{"embeddable":true,"href":"https:\/\/zoemontagu.com\/en\/wp-json\/wp\/v2\/media\/2428"}],"wp:attachment":[{"href":"https:\/\/zoemontagu.com\/en\/wp-json\/wp\/v2\/media?parent=2481"}],"wp:term":[{"taxonomy":"product_brand","embeddable":true,"href":"https:\/\/zoemontagu.com\/en\/wp-json\/wp\/v2\/product_brand?post=2481"},{"taxonomy":"product_cat","embeddable":true,"href":"https:\/\/zoemontagu.com\/en\/wp-json\/wp\/v2\/product_cat?post=2481"},{"taxonomy":"product_tag","embeddable":true,"href":"https:\/\/zoemontagu.com\/en\/wp-json\/wp\/v2\/product_tag?post=2481"}],"curies":[{"name":"wp","href":"https:\/\/api.w.org\/{rel}","templated":true}]}}