{"id":2584,"date":"2025-09-29T10:01:07","date_gmt":"2025-09-29T08:01:07","guid":{"rendered":"https:\/\/zoemontagu.com\/bijoux\/long-dangle-earrings-boucles-doreilles-longues\/"},"modified":"2025-11-11T21:20:05","modified_gmt":"2025-11-11T20:20:05","slug":"long-dangle-earrings-boucles-doreilles-longues","status":"publish","type":"product","link":"https:\/\/zoemontagu.com\/en\/bijoux\/long-dangle-earrings-boucles-doreilles-longues\/","title":{"rendered":"Long dangle earrings <br>Boucles d&#8217;oreilles longues"},"content":{"rendered":"","protected":false},"excerpt":{"rendered":"This earring design is long and flexible, always in motion; it is fluid and lightweight.\n\nLa collection de parures f\u00e9minines &#8220;NATURE&#8221; est une s\u00e9rie de boucles d&#8217;oreilles<strong> sobres et discr\u00e8tes<\/strong>.\nLes montures sont en Argent 925\u00b0. Les tissages sont r\u00e9alis\u00e9s en crin de cheval et sisal, une fibre \u00ab dure \u00bb extraite des feuilles d\u2019un agave.\n\nDiameter of the woven bubble: 1 cm.\n\nDimensions of the jewel:\n\nHeight 7 cm\n\nWidth 1cm\n\nProfondeur 1,5 cm","protected":false},"featured_media":2286,"template":"","meta":{"_acf_changed":false},"product_brand":[],"product_cat":[41],"product_tag":[],"class_list":{"0":"post-2584","1":"product","2":"type-product","3":"status-publish","4":"has-post-thumbnail","6":"product_cat-nature-en","8":"first","9":"instock","10":"taxable","11":"shipping-taxable","12":"purchasable","13":"product-type-variable","14":"has-default-attributes"},"acf":[],"yoast_head":"<!-- This site is optimized with the Yoast SEO plugin v27.5 - https:\/\/yoast.com\/product\/yoast-seo-wordpress\/ -->\n<title>Long dangle earrings Boucles d&#039;oreilles longues &#8226; Zo\u00eb Montagu<\/title>\n<meta name=\"robots\" content=\"index, follow, max-snippet:-1, max-image-preview:large, max-video-preview:-1\" \/>\n<link rel=\"canonical\" href=\"https:\/\/zoemontagu.com\/en\/bijoux\/long-dangle-earrings-boucles-doreilles-longues\/\" \/>\n<meta property=\"og:locale\" content=\"en_US\" \/>\n<meta property=\"og:type\" content=\"article\" \/>\n<meta property=\"og:title\" content=\"Long dangle earrings Boucles d&#039;oreilles longues &#8226; Zo\u00eb Montagu\" \/>\n<meta property=\"og:description\" content=\"This earring design is long and flexible, always in motion; it is fluid and lightweight. La collection de parures f\u00e9minines &quot;NATURE&quot; est une s\u00e9rie de boucles d&#039;oreilles sobres et discr\u00e8tes. Les montures sont en Argent 925\u00b0. Les tissages sont r\u00e9alis\u00e9s en crin de cheval et sisal, une fibre \u00ab dure \u00bb extraite des feuilles d\u2019un agave. Diameter of the woven bubble: 1 cm. Dimensions of the jewel: Height 7 cm Width 1cm Profondeur 1,5 cm\" \/>\n<meta property=\"og:url\" content=\"https:\/\/zoemontagu.com\/en\/bijoux\/long-dangle-earrings-boucles-doreilles-longues\/\" \/>\n<meta property=\"og:site_name\" content=\"Zo\u00eb Montagu\" \/>\n<meta property=\"article:modified_time\" content=\"2025-11-11T20:20:05+00:00\" \/>\n<meta property=\"og:image\" content=\"https:\/\/zoemontagu.com\/wordpress\/wp-content\/uploads\/2025\/09\/B.O.-longue-Bijou-en-crin-de-cheval-Zoe-Montagu-1-2.jpg\" \/>\n\t<meta property=\"og:image:width\" content=\"1280\" \/>\n\t<meta property=\"og:image:height\" content=\"1280\" \/>\n\t<meta property=\"og:image:type\" content=\"image\/jpeg\" \/>\n<meta name=\"twitter:card\" content=\"summary_large_image\" \/>\n<script type=\"application\/ld+json\" class=\"yoast-schema-graph\">{\"@context\":\"https:\\\/\\\/schema.org\",\"@graph\":[{\"@type\":\"WebPage\",\"@id\":\"https:\\\/\\\/zoemontagu.com\\\/en\\\/bijoux\\\/long-dangle-earrings-boucles-doreilles-longues\\\/\",\"url\":\"https:\\\/\\\/zoemontagu.com\\\/en\\\/bijoux\\\/long-dangle-earrings-boucles-doreilles-longues\\\/\",\"name\":\"Long dangle earrings Boucles d'oreilles longues &#8226; Zo\u00eb Montagu\",\"isPartOf\":{\"@id\":\"https:\\\/\\\/zoemontagu.com\\\/en\\\/#website\"},\"primaryImageOfPage\":{\"@id\":\"https:\\\/\\\/zoemontagu.com\\\/en\\\/bijoux\\\/long-dangle-earrings-boucles-doreilles-longues\\\/#primaryimage\"},\"image\":{\"@id\":\"https:\\\/\\\/zoemontagu.com\\\/en\\\/bijoux\\\/long-dangle-earrings-boucles-doreilles-longues\\\/#primaryimage\"},\"thumbnailUrl\":\"https:\\\/\\\/zoemontagu.com\\\/wordpress\\\/wp-content\\\/uploads\\\/2025\\\/09\\\/B.O.-longue-Bijou-en-crin-de-cheval-Zoe-Montagu-1-2.jpg\",\"datePublished\":\"2025-09-29T08:01:07+00:00\",\"dateModified\":\"2025-11-11T20:20:05+00:00\",\"breadcrumb\":{\"@id\":\"https:\\\/\\\/zoemontagu.com\\\/en\\\/bijoux\\\/long-dangle-earrings-boucles-doreilles-longues\\\/#breadcrumb\"},\"inLanguage\":\"en-US\",\"potentialAction\":[{\"@type\":\"ReadAction\",\"target\":[\"https:\\\/\\\/zoemontagu.com\\\/en\\\/bijoux\\\/long-dangle-earrings-boucles-doreilles-longues\\\/\"]}]},{\"@type\":\"ImageObject\",\"inLanguage\":\"en-US\",\"@id\":\"https:\\\/\\\/zoemontagu.com\\\/en\\\/bijoux\\\/long-dangle-earrings-boucles-doreilles-longues\\\/#primaryimage\",\"url\":\"https:\\\/\\\/zoemontagu.com\\\/wordpress\\\/wp-content\\\/uploads\\\/2025\\\/09\\\/B.O.-longue-Bijou-en-crin-de-cheval-Zoe-Montagu-1-2.jpg\",\"contentUrl\":\"https:\\\/\\\/zoemontagu.com\\\/wordpress\\\/wp-content\\\/uploads\\\/2025\\\/09\\\/B.O.-longue-Bijou-en-crin-de-cheval-Zoe-Montagu-1-2.jpg\",\"width\":1280,\"height\":1280},{\"@type\":\"BreadcrumbList\",\"@id\":\"https:\\\/\\\/zoemontagu.com\\\/en\\\/bijoux\\\/long-dangle-earrings-boucles-doreilles-longues\\\/#breadcrumb\",\"itemListElement\":[{\"@type\":\"ListItem\",\"position\":1,\"name\":\"Accueil\",\"item\":\"https:\\\/\\\/zoemontagu.com\\\/en\\\/\"},{\"@type\":\"ListItem\",\"position\":2,\"name\":\"Shop\",\"item\":\"https:\\\/\\\/zoemontagu.com\\\/shop\\\/?lang=en\"},{\"@type\":\"ListItem\",\"position\":3,\"name\":\"Long dangle earrings Boucles d&#8217;oreilles longues\"}]},{\"@type\":\"WebSite\",\"@id\":\"https:\\\/\\\/zoemontagu.com\\\/en\\\/#website\",\"url\":\"https:\\\/\\\/zoemontagu.com\\\/en\\\/\",\"name\":\"Zo\u00eb Montagu\",\"description\":\"Tissage d&#039;art, vannerie et bijoux en crin de cheval\",\"publisher\":{\"@id\":\"https:\\\/\\\/zoemontagu.com\\\/en\\\/#\\\/schema\\\/person\\\/587b85bd1c91c340814c8483ec0d18a6\"},\"potentialAction\":[{\"@type\":\"SearchAction\",\"target\":{\"@type\":\"EntryPoint\",\"urlTemplate\":\"https:\\\/\\\/zoemontagu.com\\\/en\\\/?s={search_term_string}\"},\"query-input\":{\"@type\":\"PropertyValueSpecification\",\"valueRequired\":true,\"valueName\":\"search_term_string\"}}],\"inLanguage\":\"en-US\"},{\"@type\":[\"Person\",\"Organization\"],\"@id\":\"https:\\\/\\\/zoemontagu.com\\\/en\\\/#\\\/schema\\\/person\\\/587b85bd1c91c340814c8483ec0d18a6\",\"name\":\"Zo\u00eb Montagu\",\"logo\":{\"@id\":\"https:\\\/\\\/zoemontagu.com\\\/en\\\/#\\\/schema\\\/person\\\/image\\\/\"}}]}<\/script>\n<!-- \/ Yoast SEO plugin. -->","yoast_head_json":{"title":"Long dangle earrings Boucles d'oreilles longues &#8226; Zo\u00eb Montagu","robots":{"index":"index","follow":"follow","max-snippet":"max-snippet:-1","max-image-preview":"max-image-preview:large","max-video-preview":"max-video-preview:-1"},"canonical":"https:\/\/zoemontagu.com\/en\/bijoux\/long-dangle-earrings-boucles-doreilles-longues\/","og_locale":"en_US","og_type":"article","og_title":"Long dangle earrings Boucles d'oreilles longues &#8226; Zo\u00eb Montagu","og_description":"This earring design is long and flexible, always in motion; it is fluid and lightweight. La collection de parures f\u00e9minines \"NATURE\" est une s\u00e9rie de boucles d'oreilles sobres et discr\u00e8tes. Les montures sont en Argent 925\u00b0. Les tissages sont r\u00e9alis\u00e9s en crin de cheval et sisal, une fibre \u00ab dure \u00bb extraite des feuilles d\u2019un agave. Diameter of the woven bubble: 1 cm. Dimensions of the jewel: Height 7 cm Width 1cm Profondeur 1,5 cm","og_url":"https:\/\/zoemontagu.com\/en\/bijoux\/long-dangle-earrings-boucles-doreilles-longues\/","og_site_name":"Zo\u00eb Montagu","article_modified_time":"2025-11-11T20:20:05+00:00","og_image":[{"width":1280,"height":1280,"url":"https:\/\/zoemontagu.com\/wordpress\/wp-content\/uploads\/2025\/09\/B.O.-longue-Bijou-en-crin-de-cheval-Zoe-Montagu-1-2.jpg","type":"image\/jpeg"}],"twitter_card":"summary_large_image","schema":{"@context":"https:\/\/schema.org","@graph":[{"@type":"WebPage","@id":"https:\/\/zoemontagu.com\/en\/bijoux\/long-dangle-earrings-boucles-doreilles-longues\/","url":"https:\/\/zoemontagu.com\/en\/bijoux\/long-dangle-earrings-boucles-doreilles-longues\/","name":"Long dangle earrings Boucles d'oreilles longues &#8226; Zo\u00eb Montagu","isPartOf":{"@id":"https:\/\/zoemontagu.com\/en\/#website"},"primaryImageOfPage":{"@id":"https:\/\/zoemontagu.com\/en\/bijoux\/long-dangle-earrings-boucles-doreilles-longues\/#primaryimage"},"image":{"@id":"https:\/\/zoemontagu.com\/en\/bijoux\/long-dangle-earrings-boucles-doreilles-longues\/#primaryimage"},"thumbnailUrl":"https:\/\/zoemontagu.com\/wordpress\/wp-content\/uploads\/2025\/09\/B.O.-longue-Bijou-en-crin-de-cheval-Zoe-Montagu-1-2.jpg","datePublished":"2025-09-29T08:01:07+00:00","dateModified":"2025-11-11T20:20:05+00:00","breadcrumb":{"@id":"https:\/\/zoemontagu.com\/en\/bijoux\/long-dangle-earrings-boucles-doreilles-longues\/#breadcrumb"},"inLanguage":"en-US","potentialAction":[{"@type":"ReadAction","target":["https:\/\/zoemontagu.com\/en\/bijoux\/long-dangle-earrings-boucles-doreilles-longues\/"]}]},{"@type":"ImageObject","inLanguage":"en-US","@id":"https:\/\/zoemontagu.com\/en\/bijoux\/long-dangle-earrings-boucles-doreilles-longues\/#primaryimage","url":"https:\/\/zoemontagu.com\/wordpress\/wp-content\/uploads\/2025\/09\/B.O.-longue-Bijou-en-crin-de-cheval-Zoe-Montagu-1-2.jpg","contentUrl":"https:\/\/zoemontagu.com\/wordpress\/wp-content\/uploads\/2025\/09\/B.O.-longue-Bijou-en-crin-de-cheval-Zoe-Montagu-1-2.jpg","width":1280,"height":1280},{"@type":"BreadcrumbList","@id":"https:\/\/zoemontagu.com\/en\/bijoux\/long-dangle-earrings-boucles-doreilles-longues\/#breadcrumb","itemListElement":[{"@type":"ListItem","position":1,"name":"Accueil","item":"https:\/\/zoemontagu.com\/en\/"},{"@type":"ListItem","position":2,"name":"Shop","item":"https:\/\/zoemontagu.com\/shop\/?lang=en"},{"@type":"ListItem","position":3,"name":"Long dangle earrings Boucles d&#8217;oreilles longues"}]},{"@type":"WebSite","@id":"https:\/\/zoemontagu.com\/en\/#website","url":"https:\/\/zoemontagu.com\/en\/","name":"Zo\u00eb Montagu","description":"Tissage d&#039;art, vannerie et bijoux en crin de cheval","publisher":{"@id":"https:\/\/zoemontagu.com\/en\/#\/schema\/person\/587b85bd1c91c340814c8483ec0d18a6"},"potentialAction":[{"@type":"SearchAction","target":{"@type":"EntryPoint","urlTemplate":"https:\/\/zoemontagu.com\/en\/?s={search_term_string}"},"query-input":{"@type":"PropertyValueSpecification","valueRequired":true,"valueName":"search_term_string"}}],"inLanguage":"en-US"},{"@type":["Person","Organization"],"@id":"https:\/\/zoemontagu.com\/en\/#\/schema\/person\/587b85bd1c91c340814c8483ec0d18a6","name":"Zo\u00eb Montagu","logo":{"@id":"https:\/\/zoemontagu.com\/en\/#\/schema\/person\/image\/"}}]}},"_links":{"self":[{"href":"https:\/\/zoemontagu.com\/en\/wp-json\/wp\/v2\/product\/2584","targetHints":{"allow":["GET"]}}],"collection":[{"href":"https:\/\/zoemontagu.com\/en\/wp-json\/wp\/v2\/product"}],"about":[{"href":"https:\/\/zoemontagu.com\/en\/wp-json\/wp\/v2\/types\/product"}],"wp:featuredmedia":[{"embeddable":true,"href":"https:\/\/zoemontagu.com\/en\/wp-json\/wp\/v2\/media\/2286"}],"wp:attachment":[{"href":"https:\/\/zoemontagu.com\/en\/wp-json\/wp\/v2\/media?parent=2584"}],"wp:term":[{"taxonomy":"product_brand","embeddable":true,"href":"https:\/\/zoemontagu.com\/en\/wp-json\/wp\/v2\/product_brand?post=2584"},{"taxonomy":"product_cat","embeddable":true,"href":"https:\/\/zoemontagu.com\/en\/wp-json\/wp\/v2\/product_cat?post=2584"},{"taxonomy":"product_tag","embeddable":true,"href":"https:\/\/zoemontagu.com\/en\/wp-json\/wp\/v2\/product_tag?post=2584"}],"curies":[{"name":"wp","href":"https:\/\/api.w.org\/{rel}","templated":true}]}}